{"id":6362,"date":"2026-02-27T14:46:24","date_gmt":"2026-02-27T14:46:24","guid":{"rendered":"https:\/\/viktoria.brooklynseopro.com\/politica-de-privacidad\/"},"modified":"2026-03-12T16:46:59","modified_gmt":"2026-03-12T16:46:59","slug":"politica-de-privacidad","status":"publish","type":"page","link":"https:\/\/www.viktoria.brooklynseopro.com\/es\/politica-de-privacidad\/","title":{"rendered":"Pol\u00edtica de privacidad"},"content":{"rendered":"\t\t<div data-elementor-type=\"wp-page\" data-elementor-id=\"6362\" class=\"elementor elementor-6362 elementor-2581\" data-elementor-post-type=\"page\">\n\t\t\t\t<div class=\"elementor-element elementor-element-19b55ff e-con-full e-flex e-con e-parent\" data-id=\"19b55ff\" data-element_type=\"container\" data-e-type=\"container\" data-settings=\"{&quot;background_background&quot;:&quot;classic&quot;}\">\n\t\t<div class=\"elementor-element elementor-element-2b65237 e-con-full e-flex e-con e-child\" data-id=\"2b65237\" data-element_type=\"container\" data-e-type=\"container\">\n\t\t\t\t<\/div>\n\t\t<div class=\"elementor-element elementor-element-6d62ec2 e-con-full e-flex e-con e-child\" data-id=\"6d62ec2\" data-element_type=\"container\" data-e-type=\"container\" data-settings=\"{&quot;background_background&quot;:&quot;classic&quot;}\">\n\t\t<div class=\"elementor-element elementor-element-d6dafca e-flex e-con-boxed e-con e-child\" data-id=\"d6dafca\" data-element_type=\"container\" data-e-type=\"container\">\n\t\t\t\t\t<div class=\"e-con-inner\">\n\t\t\t\t<div class=\"elementor-element elementor-element-703bfbf elementor-widget elementor-widget-post-info\" data-id=\"703bfbf\" data-element_type=\"widget\" data-e-type=\"widget\" data-widget_type=\"post-info.default\">\n\t\t\t\t<div class=\"elementor-widget-container\">\n\t\t\t\t\t\t\t<ul class=\"elementor-inline-items elementor-icon-list-items elementor-post-info\">\n\t\t\t\t\t\t\t\t<li class=\"elementor-icon-list-item elementor-repeater-item-b79e14f elementor-inline-item\">\n\t\t\t\t\t\t\t\t\t\t\t\t\t<span class=\"elementor-icon-list-text elementor-post-info__item elementor-post-info__item--type-custom\">\n\t\t\t\t\t\t\t\t\t\tACTUALIZADO POR \u00daLTIMA VEZ EL:  marzo 12, 2026\t\t\t\t\t<\/span>\n\t\t\t\t\t\t\t\t<\/li>\n\t\t\t\t<\/ul>\n\t\t\t\t\t\t<\/div>\n\t\t\t\t<\/div>\n\t\t\t\t<div class=\"elementor-element elementor-element-ef4d24f elementor-widget elementor-widget-heading\" data-id=\"ef4d24f\" data-element_type=\"widget\" data-e-type=\"widget\" data-widget_type=\"heading.default\">\n\t\t\t\t<div class=\"elementor-widget-container\">\n\t\t\t\t\t<h1 class=\"elementor-heading-title elementor-size-default\">Pol\u00edtica de privacidad<\/h1>\t\t\t\t<\/div>\n\t\t\t\t<\/div>\n\t\t\t\t\t<\/div>\n\t\t\t\t<\/div>\n\t\t\t\t<\/div>\n\t\t\t\t<\/div>\n\t\t<div class=\"elementor-element elementor-element-e4cb1a3 e-flex e-con-boxed e-con e-parent\" data-id=\"e4cb1a3\" data-element_type=\"container\" data-e-type=\"container\">\n\t\t\t\t\t<div class=\"e-con-inner\">\n\t\t\t\t<div class=\"elementor-element elementor-element-ccf8a25 elementor-widget elementor-widget-text-editor\" data-id=\"ccf8a25\" data-element_type=\"widget\" data-e-type=\"widget\" data-widget_type=\"text-editor.default\">\n\t\t\t\t<div class=\"elementor-widget-container\">\n\t\t\t\t\t\t\t\t\t<p class=\"p1\">Tu privacidad es muy importante para nosotros. En consecuencia, hemos desarrollado esta Pol\u00edtica para que entiendas c\u00f3mo recogemos, utilizamos, comunicamos y revelamos y hacemos uso de la informaci\u00f3n personal. A continuaci\u00f3n se expone nuestra pol\u00edtica de privacidad.  <\/p><ul class=\"ul1\"><li class=\"li1\">Antes o en el momento de recopilar informaci\u00f3n personal, identificaremos los fines para los que se recopila la informaci\u00f3n.<\/li><li class=\"li1\">Recopilaremos y utilizaremos la informaci\u00f3n personal \u00fanicamente con el objetivo de cumplir los fines especificados por nosotros y para otros fines compatibles, a menos que obtengamos el consentimiento de la persona en cuesti\u00f3n o seg\u00fan lo exija la ley.<\/li><li class=\"li1\">S\u00f3lo conservaremos la informaci\u00f3n personal el tiempo necesario para el cumplimiento de esos fines.<\/li><li class=\"li1\">Recopilaremos informaci\u00f3n personal por medios legales y justos y, cuando proceda, con el conocimiento o consentimiento de la persona afectada.<\/li><li class=\"li1\">Los datos personales deben ser pertinentes para los fines para los que se van a utilizar y, en la medida necesaria para esos fines, deben ser exactos, completos y estar actualizados.<\/li><li class=\"li1\">Protegeremos la informaci\u00f3n personal mediante medidas de seguridad razonables contra la p\u00e9rdida o el robo, as\u00ed como contra el acceso, la divulgaci\u00f3n, la copia, el uso o la modificaci\u00f3n no autorizados.<\/li><li class=\"li1\"><p class=\"p1\">Nos comprometemos a llevar a cabo nuestra actividad empresarial de acuerdo con estos principios para garantizar la protecci\u00f3n y el mantenimiento de la confidencialidad de la informaci\u00f3n personal.<\/p><\/li><\/ul><p>Pondremos a disposici\u00f3n de los clientes informaci\u00f3n sobre nuestras pol\u00edticas y pr\u00e1cticas relativas a la gesti\u00f3n de la informaci\u00f3n personal.<\/p>\t\t\t\t\t\t\t\t<\/div>\n\t\t\t\t<\/div>\n\t\t\t\t\t<\/div>\n\t\t\t\t<\/div>\n\t\t\t\t<\/div>\n\t\t<p id=\"qri-code\"><iframe loading=\"lazy\" style=\"border:none;\" scrolling=\"no\" marginheight=\"0px\" marginwidth=\"0px\" allowfullscreen=\"\" src=\"https:\/\/quickchart.io\/chart?cht=qr&chs=150x150&chl=https:\/\/www.viktoria.brooklynseopro.com\/es\/politica-de-privacidad\/\" width=\"150px\" height=\"150px\" frameborder=\"0\"><\/iframe><\/p>","protected":false},"excerpt":{"rendered":"<p>Pol\u00edtica de privacidad Tu privacidad es muy importante para nosotros. En consecuencia, hemos desarrollado esta Pol\u00edtica para que entiendas c\u00f3mo recogemos, utilizamos, comunicamos y revelamos y hacemos uso de la informaci\u00f3n personal. A continuaci\u00f3n se expone nuestra pol\u00edtica de privacidad. Antes o en el momento de recopilar informaci\u00f3n personal, identificaremos los fines para los que [&hellip;]<\/p>\n","protected":false},"author":6,"featured_media":0,"parent":0,"menu_order":0,"comment_status":"closed","ping_status":"closed","template":"elementor_header_footer","meta":{"_seopress_robots_primary_cat":"","_seopress_titles_title":"Pol\u00edtica de privacidad - El bufete Inniss PLLC - Hudson Valley, NY","_seopress_titles_desc":"Conoce c\u00f3mo The Inniss Firm, PLLC protege los datos personales a trav\u00e9s de nuestra pol\u00edtica de privacidad, garantizando la transparencia en el uso de la informaci\u00f3n online.","_seopress_robots_index":"","footnotes":""},"class_list":["post-6362","page","type-page","status-publish","hentry"],"_links":{"self":[{"href":"https:\/\/www.viktoria.brooklynseopro.com\/es\/wp-json\/wp\/v2\/pages\/6362","targetHints":{"allow":["GET"]}}],"collection":[{"href":"https:\/\/www.viktoria.brooklynseopro.com\/es\/wp-json\/wp\/v2\/pages"}],"about":[{"href":"https:\/\/www.viktoria.brooklynseopro.com\/es\/wp-json\/wp\/v2\/types\/page"}],"author":[{"embeddable":true,"href":"https:\/\/www.viktoria.brooklynseopro.com\/es\/wp-json\/wp\/v2\/users\/6"}],"replies":[{"embeddable":true,"href":"https:\/\/www.viktoria.brooklynseopro.com\/es\/wp-json\/wp\/v2\/comments?post=6362"}],"version-history":[{"count":1,"href":"https:\/\/www.viktoria.brooklynseopro.com\/es\/wp-json\/wp\/v2\/pages\/6362\/revisions"}],"predecessor-version":[{"id":6363,"href":"https:\/\/www.viktoria.brooklynseopro.com\/es\/wp-json\/wp\/v2\/pages\/6362\/revisions\/6363"}],"wp:attachment":[{"href":"https:\/\/www.viktoria.brooklynseopro.com\/es\/wp-json\/wp\/v2\/media?parent=6362"}],"curies":[{"name":"wp","href":"https:\/\/api.w.org\/{rel}","templated":true}]}}