{"id":6337,"date":"2026-03-09T15:35:31","date_gmt":"2026-03-09T15:35:31","guid":{"rendered":"https:\/\/viktoria.brooklynseopro.com\/conducir-con-la-capacidad-disminuida-por-las-drogas-dwaid\/"},"modified":"2026-03-12T16:40:36","modified_gmt":"2026-03-12T16:40:36","slug":"conducir-con-la-capacidad-disminuida-por-las-drogas-dwaid","status":"publish","type":"page","link":"https:\/\/www.viktoria.brooklynseopro.com\/es\/conducir-con-la-capacidad-disminuida-por-las-drogas-dwaid\/","title":{"rendered":"Conducir con la capacidad disminuida por las drogas (DWAID)"},"content":{"rendered":"\t\t<div data-elementor-type=\"wp-page\" data-elementor-id=\"6337\" class=\"elementor elementor-6337 elementor-5130\" data-elementor-post-type=\"page\">\n\t\t\t\t<div class=\"elementor-element elementor-element-6a2eab3 e-con-full e-flex e-con e-parent\" data-id=\"6a2eab3\" data-element_type=\"container\" data-e-type=\"container\" data-settings=\"{&quot;background_background&quot;:&quot;classic&quot;}\">\n\t\t<div class=\"elementor-element elementor-element-0160adc e-con-full e-flex e-con e-child\" data-id=\"0160adc\" data-element_type=\"container\" data-e-type=\"container\" data-settings=\"{&quot;background_background&quot;:&quot;classic&quot;}\">\n\t\t\t\t<\/div>\n\t\t<div class=\"elementor-element elementor-element-b12b89d e-con-full e-flex e-con e-child\" data-id=\"b12b89d\" data-element_type=\"container\" data-e-type=\"container\" data-settings=\"{&quot;background_background&quot;:&quot;classic&quot;}\">\n\t\t<div class=\"elementor-element elementor-element-4656931 e-flex e-con-boxed e-con e-child\" data-id=\"4656931\" data-element_type=\"container\" data-e-type=\"container\">\n\t\t\t\t\t<div class=\"e-con-inner\">\n\t\t\t\t<div class=\"elementor-element elementor-element-42793b9 elementor-widget elementor-widget-heading\" data-id=\"42793b9\" data-element_type=\"widget\" data-e-type=\"widget\" data-widget_type=\"heading.default\">\n\t\t\t\t<div class=\"elementor-widget-container\">\n\t\t\t\t\t<h1 class=\"elementor-heading-title elementor-size-default\">Conducir con la capacidad disminuida por las drogas (DWAID)\n<\/h1>\t\t\t\t<\/div>\n\t\t\t\t<\/div>\n\t\t\t\t\t<\/div>\n\t\t\t\t<\/div>\n\t\t\t\t<\/div>\n\t\t\t\t<\/div>\n\t\t<div class=\"elementor-element elementor-element-3a3f300 e-flex e-con-boxed e-con e-parent\" data-id=\"3a3f300\" data-element_type=\"container\" data-e-type=\"container\">\n\t\t\t\t\t<div class=\"e-con-inner\">\n\t\t<div class=\"elementor-element elementor-element-d6d64fd e-con-full e-flex e-con e-child\" data-id=\"d6d64fd\" data-element_type=\"container\" data-e-type=\"container\">\n\t\t\t\t<div class=\"elementor-element elementor-element-a004b1a elementor-widget elementor-widget-global elementor-global-6004 elementor-global-2123 elementor-widget-image-carousel\" data-id=\"a004b1a\" data-element_type=\"widget\" data-e-type=\"widget\" data-settings=\"{&quot;slides_to_show&quot;:&quot;4&quot;,&quot;slides_to_show_mobile&quot;:&quot;2&quot;,&quot;navigation&quot;:&quot;none&quot;,&quot;image_spacing_custom&quot;:{&quot;unit&quot;:&quot;px&quot;,&quot;size&quot;:40,&quot;sizes&quot;:[]},&quot;autoplay_speed&quot;:0,&quot;speed&quot;:4000,&quot;image_spacing_custom_mobile&quot;:{&quot;unit&quot;:&quot;px&quot;,&quot;size&quot;:30,&quot;sizes&quot;:[]},&quot;slides_to_show_tablet&quot;:&quot;3&quot;,&quot;autoplay&quot;:&quot;yes&quot;,&quot;pause_on_hover&quot;:&quot;yes&quot;,&quot;pause_on_interaction&quot;:&quot;yes&quot;,&quot;infinite&quot;:&quot;yes&quot;,&quot;image_spacing_custom_tablet&quot;:{&quot;unit&quot;:&quot;px&quot;,&quot;size&quot;:&quot;&quot;,&quot;sizes&quot;:[]}}\" data-widget_type=\"image-carousel.default\">\n\t\t\t\t<div class=\"elementor-widget-container\">\n\t\t\t\t\t\t\t<div class=\"elementor-image-carousel-wrapper swiper\" role=\"region\" aria-roledescription=\"carousel\" aria-label=\"Logo Carousel\" dir=\"ltr\">\n\t\t\t<div class=\"elementor-image-carousel swiper-wrapper\" aria-live=\"off\">\n\t\t\t\t\t\t\t\t<div class=\"swiper-slide\" role=\"group\" aria-roledescription=\"slide\" aria-label=\"1 de 7\"><figure class=\"swiper-slide-inner\"><img decoding=\"async\" class=\"swiper-slide-image\" src=\"https:\/\/www.viktoria.brooklynseopro.com\/wp-content\/uploads\/2026\/02\/img_premier_DUI.jpg\" alt=\"Premier DUI\" \/><\/figure><\/div><div class=\"swiper-slide\" role=\"group\" aria-roledescription=\"slide\" aria-label=\"2 de 7\"><figure class=\"swiper-slide-inner\"><img decoding=\"async\" class=\"swiper-slide-image\" src=\"https:\/\/www.viktoria.brooklynseopro.com\/wp-content\/uploads\/2026\/03\/Randall-Inniss-Badges.png\" alt=\"Randall Inniss Badges\" \/><\/figure><\/div><div class=\"swiper-slide\" role=\"group\" aria-roledescription=\"slide\" aria-label=\"3 de 7\"><figure class=\"swiper-slide-inner\"><img decoding=\"async\" class=\"swiper-slide-image\" src=\"https:\/\/www.viktoria.brooklynseopro.com\/wp-content\/uploads\/2026\/02\/img_NYSCACDL_.jpg\" alt=\"NYSCACDL\" \/><\/figure><\/div><div class=\"swiper-slide\" role=\"group\" aria-roledescription=\"slide\" aria-label=\"4 de 7\"><figure class=\"swiper-slide-inner\"><img decoding=\"async\" class=\"swiper-slide-image\" src=\"https:\/\/www.viktoria.brooklynseopro.com\/wp-content\/uploads\/2026\/03\/Randall-Inniss-Badges-2.png\" alt=\"Randall Inniss Badges 2\" \/><\/figure><\/div><div class=\"swiper-slide\" role=\"group\" aria-roledescription=\"slide\" aria-label=\"5 de 7\"><figure class=\"swiper-slide-inner\"><img decoding=\"async\" class=\"swiper-slide-image\" src=\"https:\/\/www.viktoria.brooklynseopro.com\/wp-content\/uploads\/2026\/02\/img_BBB.jpg\" alt=\"Empresa acreditada por BBB\" \/><\/figure><\/div><div class=\"swiper-slide\" role=\"group\" aria-roledescription=\"slide\" aria-label=\"6 de 7\"><figure class=\"swiper-slide-inner\"><img decoding=\"async\" class=\"swiper-slide-image\" src=\"https:\/\/www.viktoria.brooklynseopro.com\/wp-content\/uploads\/2026\/02\/Avvo2018.jpg\" alt=\"Avvo2018\" \/><\/figure><\/div><div class=\"swiper-slide\" role=\"group\" aria-roledescription=\"slide\" aria-label=\"7 de 7\"><figure class=\"swiper-slide-inner\"><img decoding=\"async\" class=\"swiper-slide-image\" src=\"https:\/\/www.viktoria.brooklynseopro.com\/wp-content\/uploads\/2026\/02\/Avvo2016.jpg\" alt=\"Avvo2016\" \/><\/figure><\/div>\t\t\t<\/div>\n\t\t\t\t\t\t\t\n\t\t\t\t\t\t\t\t\t<\/div>\n\t\t\t\t\t\t<\/div>\n\t\t\t\t<\/div>\n\t\t\t\t<div class=\"elementor-element elementor-element-816fcc8 elementor-widget elementor-widget-global elementor-global-5989 elementor-global-2435 elementor-widget-shortcode\" data-id=\"816fcc8\" data-element_type=\"widget\" data-e-type=\"widget\" data-widget_type=\"shortcode.default\">\n\t\t\t\t<div class=\"elementor-widget-container\">\n\t\t\t\t\t\t\t<div class=\"elementor-shortcode\"><\/div>\n\t\t\t\t\t\t<\/div>\n\t\t\t\t<\/div>\n\t\t\t\t<div class=\"elementor-element elementor-element-7b80db3 elementor-widget elementor-widget-text-editor\" data-id=\"7b80db3\" data-element_type=\"widget\" data-e-type=\"widget\" data-widget_type=\"text-editor.default\">\n\t\t\t\t<div class=\"elementor-widget-container\">\n\t\t\t\t\t\t\t\t\t<p data-spkac-font-size=\"16\"><strong data-spkac-font-size=\"16\">Conducir con la capacidad disminuida por las drogas (DWAID):<\/strong><\/p><p data-spkac-font-size=\"16\">Esta detenci\u00f3n y acusaci\u00f3n difiere de una <a href=\"https:\/\/www.trooper2lawyer.com\/dwi-dui\/\" data-spkac-font-size=\"16\">conducci\u00f3n bajo los efectos de las drogas<\/a>. Normalmente, las fuerzas del orden alegan que tu capacidad para conducir un veh\u00edculo de motor con seguridad est\u00e1 \u00abDeteriorada\u00bb por las drogas. Las drogas pueden ser legales, como los medicamentos recetados o administrados por un m\u00e9dico, o ilegales (por ejemplo, un estupefaciente como la hero\u00edna o la coca\u00edna). No existe una cantidad l\u00edmite per se en la ley sobre drogas (como el 0,08% que existe con el alcohol). Por lo tanto, con una alegaci\u00f3n de DWAID, el agente s\u00f3lo necesita demostrar que exist\u00eda causa probable para creer que estabas \u00abDa\u00f1ado\u00bb por las drogas, no Intoxicado. A diferencia de lo que ocurre con una detenci\u00f3n por DWI, el tribunal no se lleva ni se incauta f\u00edsicamente de tu permiso de conducir en la comparecencia cuando se te acusa de Conducci\u00f3n con Deterioro de la Capacidad por Drogas (DWAID).<\/p><p data-spkac-font-size=\"16\">Si t\u00fa o un ser querido est\u00e1is en Hudson Valley, Nueva York, y os enfrent\u00e1is a un DUI\/DWI u otros cargos penales, el abogado Randall F. Inniss te tiene cubierto. Te mereces el m\u00e1s alto nivel de representaci\u00f3n legal, y la oportunidad de hacer borr\u00f3n y cuenta nueva. No esperes. Ponte en contacto con el bufete Inniss llamando al <a href=\"tel:8455330265\" rel=\"nofollow \">(845) 533-0265<\/a> hoy mismo para una sesi\u00f3n gratuita de estrategia del caso.   <\/p>\t\t\t\t\t\t\t\t<\/div>\n\t\t\t\t<\/div>\n\t\t<div class=\"elementor-element elementor-element-2ed8519 e-con-full e-flex e-con e-child\" data-id=\"2ed8519\" data-element_type=\"container\" data-e-type=\"container\">\n\t\t\t\t<div class=\"elementor-element elementor-element-8cdf0fc elementor-widget elementor-widget-global elementor-global-6027 elementor-global-1968 elementor-widget-html\" data-id=\"8cdf0fc\" data-element_type=\"widget\" data-e-type=\"widget\" data-widget_type=\"html.default\">\n\t\t\t\t<div class=\"elementor-widget-container\">\n\t\t\t\t\t<iframe src=\"https:\/\/www.google.com\/maps\/embed?pb=!1m18!1m12!1m3!1d3005.8545933660953!2d-74.1059041!3d41.1158666!2m3!1f0!2f0!3f0!3m2!1i1024!2i768!4f13.1!3m3!1m2!1s0x89c2e7436674d88f%3A0x7a809100bb8b9176!2sThe%20Inniss%20Firm%2C%20PLLC!5e0!3m2!1sen!2sus!4v1771930983983!5m2!1sen!2sus\" width=\"600\" height=\"250\" style=\"border:0;\" allowfullscreen=\"\" loading=\"lazy\" referrerpolicy=\"no-referrer-when-downgrade\"><\/iframe>\t\t\t\t<\/div>\n\t\t\t\t<\/div>\n\t\t\t\t<\/div>\n\t\t\t\t<\/div>\n\t\t<div class=\"elementor-element elementor-element-2bff34a e-con-full e-flex e-con e-child\" data-id=\"2bff34a\" data-element_type=\"container\" data-e-type=\"container\">\n\t\t\t\t<div class=\"elementor-element elementor-element-a405563 elementor-widget elementor-widget-shortcode\" data-id=\"a405563\" data-element_type=\"widget\" data-e-type=\"widget\" data-settings=\"{&quot;sticky&quot;:&quot;top&quot;,&quot;sticky_on&quot;:[&quot;desktop&quot;],&quot;sticky_parent&quot;:&quot;yes&quot;,&quot;sticky_offset&quot;:145,&quot;sticky_effects_offset&quot;:0,&quot;sticky_anchor_link_offset&quot;:0}\" data-widget_type=\"shortcode.default\">\n\t\t\t\t<div class=\"elementor-widget-container\">\n\t\t\t\t\t\t\t<div class=\"elementor-shortcode\">\t\t<div data-elementor-type=\"section\" data-elementor-id=\"6069\" class=\"elementor elementor-6069 elementor-227 elementor-227\" data-elementor-post-type=\"elementor_library\">\n\t\t\t<div class=\"elementor-element elementor-element-a50d15a e-flex e-con-boxed e-con e-parent\" data-id=\"a50d15a\" data-element_type=\"container\" data-e-type=\"container\">\n\t\t\t\t\t<div class=\"e-con-inner\">\n\t\t<div class=\"elementor-element elementor-element-5e6b012 e-con-full e-flex e-con e-child\" data-id=\"5e6b012\" data-element_type=\"container\" data-e-type=\"container\" data-settings=\"{&quot;background_background&quot;:&quot;classic&quot;}\">\n\t\t\t\t<div class=\"elementor-element elementor-element-c77d7f1 elementor-widget elementor-widget-heading\" data-id=\"c77d7f1\" data-element_type=\"widget\" data-e-type=\"widget\" data-widget_type=\"heading.default\">\n\t\t\t\t<div class=\"elementor-widget-container\">\n\t\t\t\t\t<p class=\"elementor-heading-title elementor-size-default\">Defensa que cuestiona cada detalle<\/p>\t\t\t\t<\/div>\n\t\t\t\t<\/div>\n\t\t\t\t<div class=\"elementor-element elementor-element-df81afd elementor-widget elementor-widget-text-editor\" data-id=\"df81afd\" data-element_type=\"widget\" data-e-type=\"widget\" data-widget_type=\"text-editor.default\">\n\t\t\t\t<div class=\"elementor-widget-container\">\n\t\t\t\t\t\t\t\t\t<div>Sin coste alguno para conocer tus derechos<\/div>\t\t\t\t\t\t\t\t<\/div>\n\t\t\t\t<\/div>\n\t\t\t\t<div class=\"elementor-element elementor-element-edfb461 elementor-align-justify elementor-widget elementor-widget-button\" data-id=\"edfb461\" data-element_type=\"widget\" data-e-type=\"widget\" data-widget_type=\"button.default\">\n\t\t\t\t<div class=\"elementor-widget-container\">\n\t\t\t\t\t\t\t\t\t<div class=\"elementor-button-wrapper\">\n\t\t\t\t\t<a class=\"elementor-button elementor-button-link elementor-size-sm\" href=\"tel:8455330265\" rel=\"nofollow\">\n\t\t\t\t\t\t<span class=\"elementor-button-content-wrapper\">\n\t\t\t\t\t\t\t\t\t<span class=\"elementor-button-text\">LLAMA AHORA AL (845) 533-0265<\/span>\n\t\t\t\t\t<\/span>\n\t\t\t\t\t<\/a>\n\t\t\t\t<\/div>\n\t\t\t\t\t\t\t\t<\/div>\n\t\t\t\t<\/div>\n\t\t\t\t<\/div>\n\t\t\t\t\t<\/div>\n\t\t\t\t<\/div>\n\t\t\t\t<\/div>\n\t\t<\/div>\n\t\t\t\t\t\t<\/div>\n\t\t\t\t<\/div>\n\t\t\t\t<\/div>\n\t\t\t\t\t<\/div>\n\t\t\t\t<\/div>\n\t\t<div class=\"elementor-element elementor-element-88c7bff e-flex e-con-boxed e-con e-parent\" data-id=\"88c7bff\" data-element_type=\"container\" data-e-type=\"container\">\n\t\t\t\t\t<div class=\"e-con-inner\">\n\t\t\t\t<div class=\"elementor-element elementor-element-1538faa elementor-widget elementor-widget-shortcode\" data-id=\"1538faa\" data-element_type=\"widget\" data-e-type=\"widget\" data-widget_type=\"shortcode.default\">\n\t\t\t\t<div class=\"elementor-widget-container\">\n\t\t\t\t\t\t\t<div class=\"elementor-shortcode\">\t\t<div data-elementor-type=\"section\" data-elementor-id=\"6044\" class=\"elementor elementor-6044 elementor-467 elementor-467\" data-elementor-post-type=\"elementor_library\">\n\t\t\t<div class=\"elementor-element elementor-element-a50d15a e-flex e-con-boxed e-con e-parent\" data-id=\"a50d15a\" data-element_type=\"container\" data-e-type=\"container\">\n\t\t\t\t\t<div class=\"e-con-inner\">\n\t\t<div class=\"elementor-element elementor-element-5e6b012 e-con-full e-flex e-con e-child\" data-id=\"5e6b012\" data-element_type=\"container\" data-e-type=\"container\" data-settings=\"{&quot;background_background&quot;:&quot;classic&quot;}\">\n\t\t\t\t<div class=\"elementor-element elementor-element-c77d7f1 elementor-widget elementor-widget-heading\" data-id=\"c77d7f1\" data-element_type=\"widget\" data-e-type=\"widget\" data-widget_type=\"heading.default\">\n\t\t\t\t<div class=\"elementor-widget-container\">\n\t\t\t\t\t<p class=\"elementor-heading-title elementor-size-default\">Averigua si pueden reducirse tus cargos<\/p>\t\t\t\t<\/div>\n\t\t\t\t<\/div>\n\t\t\t\t<div class=\"elementor-element elementor-element-df81afd elementor-widget elementor-widget-text-editor\" data-id=\"df81afd\" data-element_type=\"widget\" data-e-type=\"widget\" data-widget_type=\"text-editor.default\">\n\t\t\t\t<div class=\"elementor-widget-container\">\n\t\t\t\t\t\t\t\t\t<p>Revisi\u00f3n gratuita y confidencial de tu caso con Randall F. Inniss<\/p>\t\t\t\t\t\t\t\t<\/div>\n\t\t\t\t<\/div>\n\t\t\t\t<div class=\"elementor-element elementor-element-00bbbb0 elementor-button-align-stretch elementor-widget elementor-widget-global elementor-global-6023 elementor-global-2026 elementor-global-2026 elementor-widget-form\" data-id=\"00bbbb0\" data-element_type=\"widget\" data-e-type=\"widget\" data-settings=\"{&quot;step_next_label&quot;:&quot;Siguiente&quot;,&quot;step_previous_label&quot;:&quot;Anterior&quot;,&quot;button_width&quot;:&quot;20&quot;,&quot;button_width_tablet&quot;:&quot;30&quot;,&quot;step_type&quot;:&quot;number_text&quot;,&quot;step_icon_shape&quot;:&quot;circle&quot;}\" data-widget_type=\"form.default\">\n\t\t\t\t<div class=\"elementor-widget-container\">\n\t\t\t\t\t\t\t<form class=\"elementor-form\" method=\"post\" name=\"Averigua si pueden reducirse tus cargos\" aria-label=\"Averigua si pueden reducirse tus cargos\">\n\t\t\t<input type=\"hidden\" name=\"post_id\" value=\"6044\"\/>\n\t\t\t<input type=\"hidden\" name=\"form_id\" value=\"00bbbb0\"\/>\n\t\t\t<input type=\"hidden\" name=\"referer_title\" value=\"\" \/>\n\n\t\t\t\n\t\t\t<div class=\"elementor-form-fields-wrapper elementor-labels-\">\n\t\t\t\t\t\t\t\t<div class=\"elementor-field-type-text elementor-field-group elementor-column elementor-field-group-fname elementor-col-50 elementor-field-required\">\n\t\t\t\t\t\t\t\t\t\t\t\t<label for=\"form-field-fname\" class=\"elementor-field-label elementor-screen-only\">\n\t\t\t\t\t\t\t\tNombre\t\t\t\t\t\t\t<\/label>\n\t\t\t\t\t\t\t\t\t\t\t\t\t\t<input size=\"1\" type=\"text\" name=\"form_fields[fname]\" id=\"form-field-fname\" class=\"elementor-field elementor-size-sm  elementor-field-textual\" placeholder=\"Nombre\" required=\"required\">\n\t\t\t\t\t\t\t\t\t\t\t<\/div>\n\t\t\t\t\t\t\t\t<div class=\"elementor-field-type-text elementor-field-group elementor-column elementor-field-group-lname elementor-col-50 elementor-field-required\">\n\t\t\t\t\t\t\t\t\t\t\t\t<label for=\"form-field-lname\" class=\"elementor-field-label elementor-screen-only\">\n\t\t\t\t\t\t\t\tApellidos\t\t\t\t\t\t\t<\/label>\n\t\t\t\t\t\t\t\t\t\t\t\t\t\t<input size=\"1\" type=\"text\" name=\"form_fields[lname]\" id=\"form-field-lname\" class=\"elementor-field elementor-size-sm  elementor-field-textual\" placeholder=\"Apellidos\" required=\"required\">\n\t\t\t\t\t\t\t\t\t\t\t<\/div>\n\t\t\t\t\t\t\t\t<div class=\"elementor-field-type-text\">\n\t\t\t\t\t<input size=\"1\" type=\"text\" name=\"form_fields[subject]\" id=\"form-field-subject\" class=\"elementor-field elementor-size-sm \" style=\"display:none !important;\">\t\t\t\t<\/div>\n\t\t\t\t\t\t\t\t<div class=\"elementor-field-type-text elementor-field-group elementor-column elementor-field-group-phone elementor-col-50 elementor-field-required\">\n\t\t\t\t\t\t\t\t\t\t\t\t<label for=\"form-field-phone\" class=\"elementor-field-label elementor-screen-only\">\n\t\t\t\t\t\t\t\tN\u00famero de tel\u00e9fono\t\t\t\t\t\t\t<\/label>\n\t\t\t\t\t\t\t\t\t\t\t\t\t\t<input size=\"1\" type=\"text\" name=\"form_fields[phone]\" id=\"form-field-phone\" class=\"elementor-field elementor-size-sm  elementor-field-textual\" placeholder=\"N\u00famero de tel\u00e9fono\" required=\"required\">\n\t\t\t\t\t\t\t\t\t\t\t<\/div>\n\t\t\t\t\t\t\t\t<div class=\"elementor-field-type-email elementor-field-group elementor-column elementor-field-group-email elementor-col-50 elementor-field-required\">\n\t\t\t\t\t\t\t\t\t\t\t\t<label for=\"form-field-email\" class=\"elementor-field-label elementor-screen-only\">\n\t\t\t\t\t\t\t\tEnv\u00eda un correo electr\u00f3nico a\t\t\t\t\t\t\t<\/label>\n\t\t\t\t\t\t\t\t\t\t\t\t\t\t<input size=\"1\" type=\"email\" name=\"form_fields[email]\" id=\"form-field-email\" class=\"elementor-field elementor-size-sm  elementor-field-textual\" placeholder=\"Env\u00eda un correo electr\u00f3nico a\" required=\"required\">\n\t\t\t\t\t\t\t\t\t\t\t<\/div>\n\t\t\t\t\t\t\t\t<div class=\"elementor-field-type-textarea elementor-field-group elementor-column elementor-field-group-message elementor-col-100 elementor-field-required\">\n\t\t\t\t\t\t\t\t\t\t\t\t<label for=\"form-field-message\" class=\"elementor-field-label elementor-screen-only\">\n\t\t\t\t\t\t\t\tMensaje\t\t\t\t\t\t\t<\/label>\n\t\t\t\t\t\t<textarea class=\"elementor-field-textual elementor-field  elementor-size-sm\" name=\"form_fields[message]\" id=\"form-field-message\" rows=\"3\" placeholder=\"Mensaje\" required=\"required\"><\/textarea>\t\t\t\t<\/div>\n\t\t\t\t\t\t\t\t<div class=\"elementor-field-type-text\">\n\t\t\t\t\t<input size=\"1\" type=\"text\" name=\"form_fields[address]\" id=\"form-field-address\" class=\"elementor-field elementor-size-sm \" style=\"display:none !important;\">\t\t\t\t<\/div>\n\t\t\t\t\t\t\t\t<div class=\"elementor-field-group elementor-column elementor-field-type-submit elementor-col-20 e-form__buttons elementor-md-30\">\n\t\t\t\t\t<button class=\"elementor-button elementor-size-sm\" type=\"submit\">\n\t\t\t\t\t\t<span class=\"elementor-button-content-wrapper\">\n\t\t\t\t\t\t\t\t\t\t\t\t\t\t\t\t\t\t\t\t\t\t<span class=\"elementor-button-text\">EMPEZAR<\/span>\n\t\t\t\t\t\t\t\t\t\t\t\t\t<\/span>\n\t\t\t\t\t<\/button>\n\t\t\t\t<\/div>\n\t\t\t<\/div>\n\t\t<\/form>\n\t\t\t\t\t\t<\/div>\n\t\t\t\t<\/div>\n\t\t\t\t<\/div>\n\t\t\t\t\t<\/div>\n\t\t\t\t<\/div>\n\t\t\t\t<\/div>\n\t\t<\/div>\n\t\t\t\t\t\t<\/div>\n\t\t\t\t<\/div>\n\t\t\t\t\t<\/div>\n\t\t\t\t<\/div>\n\t\t\t\t<\/div>\n\t\t<p id=\"qri-code\"><iframe loading=\"lazy\" style=\"border:none;\" scrolling=\"no\" marginheight=\"0px\" marginwidth=\"0px\" allowfullscreen=\"\" src=\"https:\/\/quickchart.io\/chart?cht=qr&chs=150x150&chl=https:\/\/www.viktoria.brooklynseopro.com\/es\/conducir-con-la-capacidad-disminuida-por-las-drogas-dwaid\/\" width=\"150px\" height=\"150px\" frameborder=\"0\"><\/iframe><\/p>","protected":false},"excerpt":{"rendered":"<p>Conducir con la capacidad disminuida por las drogas (DWAID) Conducir con la capacidad disminuida por las drogas (DWAID): Esta detenci\u00f3n y acusaci\u00f3n difiere de una conducci\u00f3n bajo los efectos de las drogas. Normalmente, las fuerzas del orden alegan que tu capacidad para conducir un veh\u00edculo de motor con seguridad est\u00e1 \u00abDeteriorada\u00bb por las drogas. Las [&hellip;]<\/p>\n","protected":false},"author":3,"featured_media":0,"parent":0,"menu_order":0,"comment_status":"closed","ping_status":"closed","template":"","meta":{"_seopress_robots_primary_cat":"","_seopress_titles_title":"Defensa de casos DWAID en Nueva York | The Inniss Firm, PLLC","_seopress_titles_desc":"Si t\u00fa o un ser querido est\u00e1is en Hudson Valley, Nueva York, y os enfrent\u00e1is a un DUI\/DWI u otros cargos penales, el abogado Randall F. Inniss te tiene cubierto.","_seopress_robots_index":"","footnotes":""},"class_list":["post-6337","page","type-page","status-publish","hentry"],"_links":{"self":[{"href":"https:\/\/www.viktoria.brooklynseopro.com\/es\/wp-json\/wp\/v2\/pages\/6337","targetHints":{"allow":["GET"]}}],"collection":[{"href":"https:\/\/www.viktoria.brooklynseopro.com\/es\/wp-json\/wp\/v2\/pages"}],"about":[{"href":"https:\/\/www.viktoria.brooklynseopro.com\/es\/wp-json\/wp\/v2\/types\/page"}],"author":[{"embeddable":true,"href":"https:\/\/www.viktoria.brooklynseopro.com\/es\/wp-json\/wp\/v2\/users\/3"}],"replies":[{"embeddable":true,"href":"https:\/\/www.viktoria.brooklynseopro.com\/es\/wp-json\/wp\/v2\/comments?post=6337"}],"version-history":[{"count":1,"href":"https:\/\/www.viktoria.brooklynseopro.com\/es\/wp-json\/wp\/v2\/pages\/6337\/revisions"}],"predecessor-version":[{"id":6338,"href":"https:\/\/www.viktoria.brooklynseopro.com\/es\/wp-json\/wp\/v2\/pages\/6337\/revisions\/6338"}],"wp:attachment":[{"href":"https:\/\/www.viktoria.brooklynseopro.com\/es\/wp-json\/wp\/v2\/media?parent=6337"}],"curies":[{"name":"wp","href":"https:\/\/api.w.org\/{rel}","templated":true}]}}