{"id":6321,"date":"2026-02-27T16:38:44","date_gmt":"2026-02-27T16:38:44","guid":{"rendered":"https:\/\/viktoria.brooklynseopro.com\/resultados-de-los-casos\/"},"modified":"2026-03-12T16:38:51","modified_gmt":"2026-03-12T16:38:51","slug":"resultados-de-los-casos","status":"publish","type":"page","link":"https:\/\/www.viktoria.brooklynseopro.com\/es\/resultados-de-los-casos\/","title":{"rendered":"Resultados de los casos"},"content":{"rendered":"\t\t<div data-elementor-type=\"wp-page\" data-elementor-id=\"6321\" class=\"elementor elementor-6321 elementor-2632\" data-elementor-post-type=\"page\">\n\t\t\t\t<div class=\"elementor-element elementor-element-f516bb5 e-con-full e-flex e-con e-parent\" data-id=\"f516bb5\" data-element_type=\"container\" data-e-type=\"container\" data-settings=\"{&quot;background_background&quot;:&quot;classic&quot;}\">\n\t\t<div class=\"elementor-element elementor-element-5268c89 e-con-full e-flex e-con e-child\" data-id=\"5268c89\" data-element_type=\"container\" data-e-type=\"container\" data-settings=\"{&quot;background_background&quot;:&quot;classic&quot;}\">\n\t\t\t\t<\/div>\n\t\t<div class=\"elementor-element elementor-element-44c41b2 e-con-full e-flex e-con e-child\" data-id=\"44c41b2\" data-element_type=\"container\" data-e-type=\"container\" data-settings=\"{&quot;background_background&quot;:&quot;classic&quot;}\">\n\t\t<div class=\"elementor-element elementor-element-f798b9e e-flex e-con-boxed e-con e-child\" data-id=\"f798b9e\" data-element_type=\"container\" data-e-type=\"container\">\n\t\t\t\t\t<div class=\"e-con-inner\">\n\t\t\t\t<div class=\"elementor-element elementor-element-004b476 elementor-widget elementor-widget-heading\" data-id=\"004b476\" data-element_type=\"widget\" data-e-type=\"widget\" data-widget_type=\"heading.default\">\n\t\t\t\t<div class=\"elementor-widget-container\">\n\t\t\t\t\t<h1 class=\"elementor-heading-title elementor-size-default\">Resultados de los casos\n<\/h1>\t\t\t\t<\/div>\n\t\t\t\t<\/div>\n\t\t\t\t\t<\/div>\n\t\t\t\t<\/div>\n\t\t\t\t<\/div>\n\t\t\t\t<\/div>\n\t\t<div class=\"elementor-element elementor-element-4b3a4ae e-flex e-con-boxed e-con e-parent\" data-id=\"4b3a4ae\" data-element_type=\"container\" data-e-type=\"container\">\n\t\t\t\t\t<div class=\"e-con-inner\">\n\t\t<div class=\"elementor-element elementor-element-e2d38e2 e-con-full e-flex e-con e-child\" data-id=\"e2d38e2\" data-element_type=\"container\" data-e-type=\"container\">\n\t\t\t\t<div class=\"elementor-element elementor-element-43bcfbb elementor-widget elementor-widget-global elementor-global-6004 elementor-global-2123 elementor-widget-image-carousel\" data-id=\"43bcfbb\" data-element_type=\"widget\" data-e-type=\"widget\" data-settings=\"{&quot;slides_to_show&quot;:&quot;4&quot;,&quot;slides_to_show_mobile&quot;:&quot;2&quot;,&quot;navigation&quot;:&quot;none&quot;,&quot;image_spacing_custom&quot;:{&quot;unit&quot;:&quot;px&quot;,&quot;size&quot;:40,&quot;sizes&quot;:[]},&quot;autoplay_speed&quot;:0,&quot;speed&quot;:4000,&quot;image_spacing_custom_mobile&quot;:{&quot;unit&quot;:&quot;px&quot;,&quot;size&quot;:30,&quot;sizes&quot;:[]},&quot;slides_to_show_tablet&quot;:&quot;3&quot;,&quot;autoplay&quot;:&quot;yes&quot;,&quot;pause_on_hover&quot;:&quot;yes&quot;,&quot;pause_on_interaction&quot;:&quot;yes&quot;,&quot;infinite&quot;:&quot;yes&quot;,&quot;image_spacing_custom_tablet&quot;:{&quot;unit&quot;:&quot;px&quot;,&quot;size&quot;:&quot;&quot;,&quot;sizes&quot;:[]}}\" data-widget_type=\"image-carousel.default\">\n\t\t\t\t<div class=\"elementor-widget-container\">\n\t\t\t\t\t\t\t<div class=\"elementor-image-carousel-wrapper swiper\" role=\"region\" aria-roledescription=\"carousel\" aria-label=\"Logo Carousel\" dir=\"ltr\">\n\t\t\t<div class=\"elementor-image-carousel swiper-wrapper\" aria-live=\"off\">\n\t\t\t\t\t\t\t\t<div class=\"swiper-slide\" role=\"group\" aria-roledescription=\"slide\" aria-label=\"1 de 7\"><figure class=\"swiper-slide-inner\"><img decoding=\"async\" class=\"swiper-slide-image\" src=\"https:\/\/www.viktoria.brooklynseopro.com\/wp-content\/uploads\/2026\/02\/img_premier_DUI.jpg\" alt=\"Premier DUI\" \/><\/figure><\/div><div class=\"swiper-slide\" role=\"group\" aria-roledescription=\"slide\" aria-label=\"2 de 7\"><figure class=\"swiper-slide-inner\"><img decoding=\"async\" class=\"swiper-slide-image\" src=\"https:\/\/www.viktoria.brooklynseopro.com\/wp-content\/uploads\/2026\/03\/Randall-Inniss-Badges.png\" alt=\"Randall Inniss Badges\" \/><\/figure><\/div><div class=\"swiper-slide\" role=\"group\" aria-roledescription=\"slide\" aria-label=\"3 de 7\"><figure class=\"swiper-slide-inner\"><img decoding=\"async\" class=\"swiper-slide-image\" src=\"https:\/\/www.viktoria.brooklynseopro.com\/wp-content\/uploads\/2026\/02\/img_NYSCACDL_.jpg\" alt=\"NYSCACDL\" \/><\/figure><\/div><div class=\"swiper-slide\" role=\"group\" aria-roledescription=\"slide\" aria-label=\"4 de 7\"><figure class=\"swiper-slide-inner\"><img decoding=\"async\" class=\"swiper-slide-image\" src=\"https:\/\/www.viktoria.brooklynseopro.com\/wp-content\/uploads\/2026\/03\/Randall-Inniss-Badges-2.png\" alt=\"Randall Inniss Badges 2\" \/><\/figure><\/div><div class=\"swiper-slide\" role=\"group\" aria-roledescription=\"slide\" aria-label=\"5 de 7\"><figure class=\"swiper-slide-inner\"><img decoding=\"async\" class=\"swiper-slide-image\" src=\"https:\/\/www.viktoria.brooklynseopro.com\/wp-content\/uploads\/2026\/02\/img_BBB.jpg\" alt=\"Empresa acreditada por BBB\" \/><\/figure><\/div><div class=\"swiper-slide\" role=\"group\" aria-roledescription=\"slide\" aria-label=\"6 de 7\"><figure class=\"swiper-slide-inner\"><img decoding=\"async\" class=\"swiper-slide-image\" src=\"https:\/\/www.viktoria.brooklynseopro.com\/wp-content\/uploads\/2026\/02\/Avvo2018.jpg\" alt=\"Avvo2018\" \/><\/figure><\/div><div class=\"swiper-slide\" role=\"group\" aria-roledescription=\"slide\" aria-label=\"7 de 7\"><figure class=\"swiper-slide-inner\"><img decoding=\"async\" class=\"swiper-slide-image\" src=\"https:\/\/www.viktoria.brooklynseopro.com\/wp-content\/uploads\/2026\/02\/Avvo2016.jpg\" alt=\"Avvo2016\" \/><\/figure><\/div>\t\t\t<\/div>\n\t\t\t\t\t\t\t\n\t\t\t\t\t\t\t\t\t<\/div>\n\t\t\t\t\t\t<\/div>\n\t\t\t\t<\/div>\n\t\t\t\t<div class=\"elementor-element elementor-element-d684ca9 elementor-widget-divider--view-line elementor-widget elementor-widget-divider\" data-id=\"d684ca9\" data-element_type=\"widget\" data-e-type=\"widget\" data-widget_type=\"divider.default\">\n\t\t\t\t<div class=\"elementor-widget-container\">\n\t\t\t\t\t\t\t<div class=\"elementor-divider\">\n\t\t\t<span class=\"elementor-divider-separator\">\n\t\t\t\t\t\t<\/span>\n\t\t<\/div>\n\t\t\t\t\t\t<\/div>\n\t\t\t\t<\/div>\n\t\t<div class=\"elementor-element elementor-element-07f4a07 e-con-full e-flex e-con e-child\" data-id=\"07f4a07\" data-element_type=\"container\" data-e-type=\"container\" data-settings=\"{&quot;background_background&quot;:&quot;classic&quot;}\">\n\t\t\t\t<div class=\"elementor-element elementor-element-af213ec elementor-widget__width-inherit elementor-widget elementor-widget-text-editor\" data-id=\"af213ec\" data-element_type=\"widget\" data-e-type=\"widget\" data-widget_type=\"text-editor.default\">\n\t\t\t\t<div class=\"elementor-widget-container\">\n\t\t\t\t\t\t\t\t\t<p>Conductor de cami\u00f3n acusado de infracci\u00f3n del HUT del Estado de Nueva York (supuestamente hab\u00eda cambiado la pegatina a otro cami\u00f3n y no hab\u00eda pagado los Impuestos de Uso de la Carretera). <strong>Los cargos se reducen a una multa de aparcamiento. Mayo de 2019<\/strong><\/p>\t\t\t\t\t\t\t\t<\/div>\n\t\t\t\t<\/div>\n\t\t\t\t<\/div>\n\t\t<div class=\"elementor-element elementor-element-7b71de1 e-con-full e-flex e-con e-child\" data-id=\"7b71de1\" data-element_type=\"container\" data-e-type=\"container\" data-settings=\"{&quot;background_background&quot;:&quot;classic&quot;}\">\n\t\t\t\t<div class=\"elementor-element elementor-element-303f6c2 elementor-widget__width-inherit elementor-widget elementor-widget-text-editor\" data-id=\"303f6c2\" data-element_type=\"widget\" data-e-type=\"widget\" data-widget_type=\"text-editor.default\">\n\t\t\t\t<div class=\"elementor-widget-container\">\n\t\t\t\t\t\t\t\t\t<p>Cliente acusado de Posesi\u00f3n Delictiva de Arma de Fuego (pistola cargada) y Posesi\u00f3n Delictiva de Sustancia Controlada en 3er Grado, 2 cargos distintos (Hero\u00edna y Coca\u00edna) tras ejecutar la polic\u00eda una Orden de Registro domiciliario &#8211; <strong>Caso sobrese\u00eddo (ACD) &#8211; Enero, 2019<\/strong><\/p>\t\t\t\t\t\t\t\t<\/div>\n\t\t\t\t<\/div>\n\t\t\t\t<\/div>\n\t\t<div class=\"elementor-element elementor-element-f5d69d9 e-con-full e-flex e-con e-child\" data-id=\"f5d69d9\" data-element_type=\"container\" data-e-type=\"container\" data-settings=\"{&quot;background_background&quot;:&quot;classic&quot;}\">\n\t\t\t\t<div class=\"elementor-element elementor-element-dd31dbc elementor-widget__width-inherit elementor-widget elementor-widget-text-editor\" data-id=\"dd31dbc\" data-element_type=\"widget\" data-e-type=\"widget\" data-widget_type=\"text-editor.default\">\n\t\t\t\t<div class=\"elementor-widget-container\">\n\t\t\t\t\t\t\t\t\t<p>Detenci\u00f3n de tr\u00e1fico por delito grave (3\/4 lb) y acusaci\u00f3n de Marihuana (Posesi\u00f3n Criminal de Marihuana en 4\u00ba Grado) \u00a1caso<strong> desestimado!<\/strong> y acusaci\u00f3n formulada a ra\u00edz de una detenci\u00f3n de tr\u00e1fico. <strong>\u00a1Caso desestimado! &#8211; Enero de 2018<\/strong><\/p>\t\t\t\t\t\t\t\t<\/div>\n\t\t\t\t<\/div>\n\t\t\t\t<\/div>\n\t\t<div class=\"elementor-element elementor-element-2761cb1 e-con-full e-flex e-con e-child\" data-id=\"2761cb1\" data-element_type=\"container\" data-e-type=\"container\" data-settings=\"{&quot;background_background&quot;:&quot;classic&quot;}\">\n\t\t\t\t<div class=\"elementor-element elementor-element-9e4536a elementor-widget__width-inherit elementor-widget elementor-widget-text-editor\" data-id=\"9e4536a\" data-element_type=\"widget\" data-e-type=\"widget\" data-widget_type=\"text-editor.default\">\n\t\t\t\t<div class=\"elementor-widget-container\">\n\t\t\t\t\t\t\t\t\t<p><strong> Se desestim\u00f3 el cargo de<\/strong> posesi\u00f3n de arma de fuego y se redujo el caso de delito de da\u00f1os a una infracci\u00f3n. <strong>Septiembre de 2017<\/strong><\/p>\t\t\t\t\t\t\t\t<\/div>\n\t\t\t\t<\/div>\n\t\t\t\t<\/div>\n\t\t<div class=\"elementor-element elementor-element-4bc8478 e-con-full e-flex e-con e-child\" data-id=\"4bc8478\" data-element_type=\"container\" data-e-type=\"container\" data-settings=\"{&quot;background_background&quot;:&quot;classic&quot;}\">\n\t\t\t\t<div class=\"elementor-element elementor-element-31eca60 elementor-widget__width-inherit elementor-widget elementor-widget-text-editor\" data-id=\"31eca60\" data-element_type=\"widget\" data-e-type=\"widget\" data-widget_type=\"text-editor.default\">\n\t\t\t\t<div class=\"elementor-widget-container\">\n\t\t\t\t\t\t\t\t\t<p>Detenci\u00f3n por Posesi\u00f3n Criminal de una Sustancia Controlada en 7\u00ba Grado (Hero\u00edna) cuando la polic\u00eda la descubri\u00f3 dentro de la residencia.  <strong>\u00a1Caso sobrese\u00eddo! Junio de 2017 <\/strong><\/p>\t\t\t\t\t\t\t\t<\/div>\n\t\t\t\t<\/div>\n\t\t\t\t<\/div>\n\t\t<div class=\"elementor-element elementor-element-3e3959e e-con-full e-flex e-con e-child\" data-id=\"3e3959e\" data-element_type=\"container\" data-e-type=\"container\" data-settings=\"{&quot;background_background&quot;:&quot;classic&quot;}\">\n\t\t\t\t<div class=\"elementor-element elementor-element-2d78b85 elementor-widget__width-inherit elementor-widget elementor-widget-text-editor\" data-id=\"2d78b85\" data-element_type=\"widget\" data-e-type=\"widget\" data-widget_type=\"text-editor.default\">\n\t\t\t\t<div class=\"elementor-widget-container\">\n\t\t\t\t\t\t\t\t\t<p>Cliente acusado de Agresi\u00f3n en 4\u00ba Grado. <strong>Cargo desestimado. Julio de 2016<\/strong><\/p>\t\t\t\t\t\t\t\t<\/div>\n\t\t\t\t<\/div>\n\t\t\t\t<\/div>\n\t\t<div class=\"elementor-element elementor-element-5423edc e-con-full e-flex e-con e-child\" data-id=\"5423edc\" data-element_type=\"container\" data-e-type=\"container\" data-settings=\"{&quot;background_background&quot;:&quot;classic&quot;}\">\n\t\t\t\t<div class=\"elementor-element elementor-element-065718c elementor-widget__width-inherit elementor-widget elementor-widget-text-editor\" data-id=\"065718c\" data-element_type=\"widget\" data-e-type=\"widget\" data-widget_type=\"text-editor.default\">\n\t\t\t\t<div class=\"elementor-widget-container\">\n\t\t\t\t\t\t\t\t\t<p>Camionero acusado de Delito Menor de Violaci\u00f3n de la Ley de Transporte Libro de Registro e infracciones de seguridad de la Ley Fiscal. <strong>Acusaci\u00f3n desestimada. Enero de 2018<\/strong><\/p>\t\t\t\t\t\t\t\t<\/div>\n\t\t\t\t<\/div>\n\t\t\t\t<\/div>\n\t\t<div class=\"elementor-element elementor-element-e2622ea e-con-full e-flex e-con e-child\" data-id=\"e2622ea\" data-element_type=\"container\" data-e-type=\"container\" data-settings=\"{&quot;background_background&quot;:&quot;classic&quot;}\">\n\t\t\t\t<div class=\"elementor-element elementor-element-051695a elementor-widget__width-inherit elementor-widget elementor-widget-text-editor\" data-id=\"051695a\" data-element_type=\"widget\" data-e-type=\"widget\" data-widget_type=\"text-editor.default\">\n\t\t\t\t<div class=\"elementor-widget-container\">\n\t\t\t\t\t\t\t\t\t<p>El caso de hurto mayor de 4\u00ba grado se produjo cuando el cliente fue acusado de sustraer bienes de una residencia personal. <strong>El caso se redujo<\/strong> a una multa de tr\u00e1fico. <strong>Septiembre de 2016<\/strong><\/p>\t\t\t\t\t\t\t\t<\/div>\n\t\t\t\t<\/div>\n\t\t\t\t<\/div>\n\t\t<div class=\"elementor-element elementor-element-799e1d4 e-con-full e-flex e-con e-child\" data-id=\"799e1d4\" data-element_type=\"container\" data-e-type=\"container\" data-settings=\"{&quot;background_background&quot;:&quot;classic&quot;}\">\n\t\t\t\t<div class=\"elementor-element elementor-element-96e5922 elementor-widget__width-inherit elementor-widget elementor-widget-text-editor\" data-id=\"96e5922\" data-element_type=\"widget\" data-e-type=\"widget\" data-widget_type=\"text-editor.default\">\n\t\t\t\t<div class=\"elementor-widget-container\">\n\t\t\t\t\t\t\t\t\t<p>Caso de puesta en peligro del bienestar de un menor. <strong>Desestimado<\/strong> (con perjuicio). <strong>Julio de 2016<\/strong><\/p>\t\t\t\t\t\t\t\t<\/div>\n\t\t\t\t<\/div>\n\t\t\t\t<\/div>\n\t\t<div class=\"elementor-element elementor-element-18b3f51 e-con-full e-flex e-con e-child\" data-id=\"18b3f51\" data-element_type=\"container\" data-e-type=\"container\" data-settings=\"{&quot;background_background&quot;:&quot;classic&quot;}\">\n\t\t\t\t<div class=\"elementor-element elementor-element-ec4de80 elementor-widget__width-inherit elementor-widget elementor-widget-text-editor\" data-id=\"ec4de80\" data-element_type=\"widget\" data-e-type=\"widget\" data-widget_type=\"text-editor.default\">\n\t\t\t\t<div class=\"elementor-widget-container\">\n\t\t\t\t\t\t\t\t\t<p>Caso de Agresi\u00f3n en 3er Grado y Poner en Peligro el Bienestar de un Menor &#8211; <strong>\u00a1Caso sobrese\u00eddo! Julio de 2016<\/strong><\/p>\t\t\t\t\t\t\t\t<\/div>\n\t\t\t\t<\/div>\n\t\t\t\t<\/div>\n\t\t<div class=\"elementor-element elementor-element-af55549 e-con-full e-flex e-con e-child\" data-id=\"af55549\" data-element_type=\"container\" data-e-type=\"container\" data-settings=\"{&quot;background_background&quot;:&quot;classic&quot;}\">\n\t\t\t\t<div class=\"elementor-element elementor-element-8eee05c elementor-widget__width-inherit elementor-widget elementor-widget-text-editor\" data-id=\"8eee05c\" data-element_type=\"widget\" data-e-type=\"widget\" data-widget_type=\"text-editor.default\">\n\t\t\t\t<div class=\"elementor-widget-container\">\n\t\t\t\t\t\t\t\t\t<p>Acusaci\u00f3n contra un camionero por los delitos de Libro de Registro de la Ley de Transporte y Exceso de Peso &#8211; <strong>Caso sobrese\u00eddo Septiembre, 2016<\/strong><\/p>\t\t\t\t\t\t\t\t<\/div>\n\t\t\t\t<\/div>\n\t\t\t\t<\/div>\n\t\t\t\t<div class=\"elementor-element elementor-element-474b5d9 elementor-widget elementor-widget-text-editor\" data-id=\"474b5d9\" data-element_type=\"widget\" data-e-type=\"widget\" data-widget_type=\"text-editor.default\">\n\t\t\t\t<div class=\"elementor-widget-container\">\n\t\t\t\t\t\t\t\t\t<p>Ponte en contacto hoy mismo con nuestro abogado de DWI del condado de Rockland para empezar a construir tu defensa y obtener asesoramiento legal. Nuestro abogado experto y de confianza est\u00e1 preparado para ayudarte a tener el caso m\u00e1s exitoso posible. <\/p><p class=\"p1\"><strong>DESCARGO DE RESPONSABILIDAD:<\/strong> Los resultados son espec\u00edficos de los hechos y circunstancias legales de cada uno de los casos de los clientes y no deben utilizarse para formarse una expectativa de que podr\u00edan obtenerse los mismos resultados para otros clientes en asuntos similares sin hacer referencia a las circunstancias f\u00e1cticas y legales espec\u00edficas del caso de cada cliente. Tus resultados pueden variar o diferir de los resultados de este caso y no debes basarte en ellos para formarte una opini\u00f3n sobre la elecci\u00f3n de nuestro bufete. Cada caso y los hechos son diferentes y pueden variar de un tribunal a otro. El bufete Inniss, PLLC.   <\/p>\t\t\t\t\t\t\t\t<\/div>\n\t\t\t\t<\/div>\n\t\t\t\t<\/div>\n\t\t<div class=\"elementor-element elementor-element-ad6f885 e-con-full e-flex e-con e-child\" data-id=\"ad6f885\" data-element_type=\"container\" data-e-type=\"container\">\n\t\t\t\t<div class=\"elementor-element elementor-element-8e364ad elementor-widget elementor-widget-shortcode\" data-id=\"8e364ad\" data-element_type=\"widget\" data-e-type=\"widget\" data-settings=\"{&quot;sticky&quot;:&quot;top&quot;,&quot;sticky_on&quot;:[&quot;desktop&quot;],&quot;sticky_parent&quot;:&quot;yes&quot;,&quot;sticky_offset&quot;:145,&quot;sticky_effects_offset&quot;:0,&quot;sticky_anchor_link_offset&quot;:0}\" data-widget_type=\"shortcode.default\">\n\t\t\t\t<div class=\"elementor-widget-container\">\n\t\t\t\t\t\t\t<div class=\"elementor-shortcode\">\t\t<div data-elementor-type=\"section\" data-elementor-id=\"6069\" class=\"elementor elementor-6069 elementor-227 elementor-227\" data-elementor-post-type=\"elementor_library\">\n\t\t\t<div class=\"elementor-element elementor-element-a50d15a e-flex e-con-boxed e-con e-parent\" data-id=\"a50d15a\" data-element_type=\"container\" data-e-type=\"container\">\n\t\t\t\t\t<div class=\"e-con-inner\">\n\t\t<div class=\"elementor-element elementor-element-5e6b012 e-con-full e-flex e-con e-child\" data-id=\"5e6b012\" data-element_type=\"container\" data-e-type=\"container\" data-settings=\"{&quot;background_background&quot;:&quot;classic&quot;}\">\n\t\t\t\t<div class=\"elementor-element elementor-element-c77d7f1 elementor-widget elementor-widget-heading\" data-id=\"c77d7f1\" data-element_type=\"widget\" data-e-type=\"widget\" data-widget_type=\"heading.default\">\n\t\t\t\t<div class=\"elementor-widget-container\">\n\t\t\t\t\t<p class=\"elementor-heading-title elementor-size-default\">Defensa que cuestiona cada detalle<\/p>\t\t\t\t<\/div>\n\t\t\t\t<\/div>\n\t\t\t\t<div class=\"elementor-element elementor-element-df81afd elementor-widget elementor-widget-text-editor\" data-id=\"df81afd\" data-element_type=\"widget\" data-e-type=\"widget\" data-widget_type=\"text-editor.default\">\n\t\t\t\t<div class=\"elementor-widget-container\">\n\t\t\t\t\t\t\t\t\t<div>Sin coste alguno para conocer tus derechos<\/div>\t\t\t\t\t\t\t\t<\/div>\n\t\t\t\t<\/div>\n\t\t\t\t<div class=\"elementor-element elementor-element-edfb461 elementor-align-justify elementor-widget elementor-widget-button\" data-id=\"edfb461\" data-element_type=\"widget\" data-e-type=\"widget\" data-widget_type=\"button.default\">\n\t\t\t\t<div class=\"elementor-widget-container\">\n\t\t\t\t\t\t\t\t\t<div class=\"elementor-button-wrapper\">\n\t\t\t\t\t<a class=\"elementor-button elementor-button-link elementor-size-sm\" href=\"tel:8455330265\" rel=\"nofollow\">\n\t\t\t\t\t\t<span class=\"elementor-button-content-wrapper\">\n\t\t\t\t\t\t\t\t\t<span class=\"elementor-button-text\">LLAMA AHORA AL (845) 533-0265<\/span>\n\t\t\t\t\t<\/span>\n\t\t\t\t\t<\/a>\n\t\t\t\t<\/div>\n\t\t\t\t\t\t\t\t<\/div>\n\t\t\t\t<\/div>\n\t\t\t\t<\/div>\n\t\t\t\t\t<\/div>\n\t\t\t\t<\/div>\n\t\t\t\t<\/div>\n\t\t<\/div>\n\t\t\t\t\t\t<\/div>\n\t\t\t\t<\/div>\n\t\t\t\t<\/div>\n\t\t\t\t\t<\/div>\n\t\t\t\t<\/div>\n\t\t\t\t<\/div>\n\t\t<p id=\"qri-code\"><iframe loading=\"lazy\" style=\"border:none;\" scrolling=\"no\" marginheight=\"0px\" marginwidth=\"0px\" allowfullscreen=\"\" src=\"https:\/\/quickchart.io\/chart?cht=qr&chs=150x150&chl=https:\/\/www.viktoria.brooklynseopro.com\/es\/resultados-de-los-casos\/\" width=\"150px\" height=\"150px\" frameborder=\"0\"><\/iframe><\/p>","protected":false},"excerpt":{"rendered":"<p>Resultados de los casos Conductor de cami\u00f3n acusado de infracci\u00f3n del HUT del Estado de Nueva York (supuestamente hab\u00eda cambiado la pegatina a otro cami\u00f3n y no hab\u00eda pagado los Impuestos de Uso de la Carretera). Los cargos se reducen a una multa de aparcamiento. Mayo de 2019 Cliente acusado de Posesi\u00f3n Delictiva de Arma [&hellip;]<\/p>\n","protected":false},"author":6,"featured_media":0,"parent":0,"menu_order":0,"comment_status":"closed","ping_status":"closed","template":"elementor_header_footer","meta":{"_seopress_robots_primary_cat":"","_seopress_titles_title":"Resultados de casos - The Inniss Firm, PLLC","_seopress_titles_desc":"Resultados de casos | El bufete Inniss PLLC | Hudson Valley, NY | (845) 533-0265","_seopress_robots_index":"","footnotes":""},"class_list":["post-6321","page","type-page","status-publish","hentry"],"_links":{"self":[{"href":"https:\/\/www.viktoria.brooklynseopro.com\/es\/wp-json\/wp\/v2\/pages\/6321","targetHints":{"allow":["GET"]}}],"collection":[{"href":"https:\/\/www.viktoria.brooklynseopro.com\/es\/wp-json\/wp\/v2\/pages"}],"about":[{"href":"https:\/\/www.viktoria.brooklynseopro.com\/es\/wp-json\/wp\/v2\/types\/page"}],"author":[{"embeddable":true,"href":"https:\/\/www.viktoria.brooklynseopro.com\/es\/wp-json\/wp\/v2\/users\/6"}],"replies":[{"embeddable":true,"href":"https:\/\/www.viktoria.brooklynseopro.com\/es\/wp-json\/wp\/v2\/comments?post=6321"}],"version-history":[{"count":1,"href":"https:\/\/www.viktoria.brooklynseopro.com\/es\/wp-json\/wp\/v2\/pages\/6321\/revisions"}],"predecessor-version":[{"id":6322,"href":"https:\/\/www.viktoria.brooklynseopro.com\/es\/wp-json\/wp\/v2\/pages\/6321\/revisions\/6322"}],"wp:attachment":[{"href":"https:\/\/www.viktoria.brooklynseopro.com\/es\/wp-json\/wp\/v2\/media?parent=6321"}],"curies":[{"name":"wp","href":"https:\/\/api.w.org\/{rel}","templated":true}]}}